{"id":711,"date":"2025-05-15T19:08:50","date_gmt":"2025-05-15T23:08:50","guid":{"rendered":"https:\/\/congreso.faces.uc.edu.ve\/?page_id=711"},"modified":"2025-05-16T09:33:43","modified_gmt":"2025-05-16T13:33:43","slug":"carteles","status":"publish","type":"page","link":"https:\/\/congreso.faces.uc.edu.ve\/?page_id=711","title":{"rendered":"INSTRUCCIONES_CARTELES"},"content":{"rendered":"<div id=\"pl-gb711-69faa1cd89878\"  class=\"panel-layout\" ><div id=\"pg-gb711-69faa1cd89878-0\"  class=\"panel-grid panel-has-style\" ><div style=\"padding-top: 5px; padding-bottom: 5px; \" data-mobile-padding=\"50px\" data-overlay-color=\"#000000\" class=\"panel-row-style panel-row-style-for-gb711-69faa1cd89878-0\" ><div id=\"pgc-gb711-69faa1cd89878-0-0\"  class=\"panel-grid-cell\" ><div id=\"panel-gb711-69faa1cd89878-0-0-0\" class=\"so-panel widget widget_text panel-first-child panel-last-child\" data-index=\"0\" ><div style=\"text-align: left;\" data-title-color=\"#2d3142\" data-headings-color=\"#2d3142\" class=\"panel-widget-style panel-widget-style-for-gb711-69faa1cd89878-0-0-0\" >\t\t\t<div class=\"textwidget\"><p style=\"text-align: center;\"><span style=\"font-size: 24pt; color: #003fa1;\"><strong>INSTRUCCIONES PARA LA ELABORACI\u00d3N Y PRESENTACI\u00d3N DE CARTELES<\/strong><\/span><\/p>\n<ol>\n<li style=\"text-align: justify;\">Para el Congreso Internacional de Investigaci\u00f3n de la Facultad de Ciencias Econ\u00f3micas y Sociales de la Universidad de Carabobo, se ha establecido las siguientes instrucciones para la elaboraci\u00f3n y presentaci\u00f3n de carteles. A tal efecto, el autor (a) o autores (as) deben apegarse estrictamente a las siguientes pautas:<\/li>\n<li style=\"text-align: justify;\">El cartel debe ser in\u00e9dito.<\/li>\n<li style=\"text-align: justify;\">Debe tener estas dimensiones: 90 cms de ancho por 120 cm de largo (formato vertical).<\/li>\n<li style=\"text-align: justify;\">El contenido debe exhibir una estricta correspondencia con el manuscrito en extenso que fue aceptado por el Comit\u00e9 de Arbitraje.<\/li>\n<li style=\"text-align: justify;\">La estructura del cartel deber\u00e1 incluir:<\/li>\n<\/ol>\n<p style=\"text-align: justify;\"><span style=\"color: #333399;\"><strong><em>T\u00edtulo<\/em>: <\/strong><\/span>En may\u00fascula, negrita, centrado en la parte superior, con fuente tama\u00f1o m\u00ednimo 60. Debajo del t\u00edtulo, colocar autor(es) en negrilla, con fuente tama\u00f1o 50. Instituci\u00f3n ciudad\/Departamento al que pertenece(n) el(los) autor(es). Debe estar escrito en fuente 40. Colocar direcci\u00f3n electr\u00f3nica del investigador que presenta el trabajo.<\/p>\n<p style=\"text-align: justify;\"><span style=\"color: #333399;\"><strong><em>Introducci\u00f3n, Objetivos\/Prop\u00f3sitos, Metodolog\u00eda, Resultados, Discusi\u00f3n y Conclusiones<\/em>: <\/strong><\/span>deber\u00e1n ser escritos de forma resumida, utilizando la primera letra may\u00fascula con tama\u00f1o m\u00ednimo de fuente 34.<\/p>\n<p style=\"text-align: justify;\"><span style=\"color: #333399;\"><strong><em>Lista de Referencias<\/em>:<\/strong><\/span> citar solamente las principales, utilizando un tama\u00f1o de fuente de 32 \u00f3 34. Aplicar los lineamientos instruidos para los trabajos en extenso.<\/p>\n<p style=\"text-align: justify;\"><strong><span style=\"color: #333399;\"><em>Tablas, Figuras y Fotos<\/em>:<\/span><\/strong> deber\u00e1n ser preparadas de forma concisa y clara, con leyendas explicativas. Las fotos deber\u00e1n ser n\u00edtida y con explicaci\u00f3n.<\/p>\n<p style=\"text-align: justify;\"><strong><span style=\"color: #333399;\"><em>Agradecimientos (opcional)<\/em>:<\/span><\/strong> a instituciones de apoyo financiero y \/o t\u00e9cnico en la realizaci\u00f3n de la investigaci\u00f3n.<\/p>\n<ol style=\"text-align: justify;\" start=\"6\">\n<li>La exhibici\u00f3n y presentaci\u00f3n de los carteles se efectuar\u00e1 en las sesiones programadas para tal fin, de acuerdo a lo planificado en el programa acad\u00e9mico, lo cual ser\u00e1 informado oportunamente al autor (a) o autores (as).<\/li>\n<li>Es obligatorio que uno de los (as) autores (as) est\u00e9 presente durante el horario de sesi\u00f3n, para responder preguntas a los interesados. Deber\u00e1 permanecer cerca de su respectivo cartel en los lapsos pre-establecidos para la apertura al p\u00fablico y su exposici\u00f3n.<\/li>\n<li>Es responsabilidad del autor (a) o autores (as) el montaje y desmontaje del cartel en el lugar correspondiente, seg\u00fan lo planificado en el programa acad\u00e9mico.<\/li>\n<\/ol>\n<p style=\"text-align: justify;\"><em><strong><span style=\"color: #333399;\">Nota:<\/span> <\/strong>no se entregar\u00e1 certificado de presentaci\u00f3n de cartel si \u00e9ste no es exhibido durante el tiempo correspondiente o si al menos uno de los (as) autores (as) no est\u00e1 presente durante el horario de la sesi\u00f3n.<\/em><\/p>\n<\/div>\n\t\t<\/div><\/div><\/div><\/div><\/div><\/div>","protected":false},"excerpt":{"rendered":"<p>INSTRUCCIONES PARA LA ELABORACI\u00d3N Y PRESENTACI\u00d3N DE CARTELES Para el Congreso Internacional de Investigaci\u00f3n de la Facultad de Ciencias Econ\u00f3micas&nbsp;[&hellip;]<\/p>\n","protected":false},"author":2,"featured_media":0,"parent":0,"menu_order":0,"comment_status":"closed","ping_status":"closed","template":"page-templates\/template_page-builder.php","meta":{"footnotes":""},"class_list":["post-711","page","type-page","status-publish","hentry","post-item clearfix"],"_links":{"self":[{"href":"https:\/\/congreso.faces.uc.edu.ve\/index.php?rest_route=\/wp\/v2\/pages\/711","targetHints":{"allow":["GET"]}}],"collection":[{"href":"https:\/\/congreso.faces.uc.edu.ve\/index.php?rest_route=\/wp\/v2\/pages"}],"about":[{"href":"https:\/\/congreso.faces.uc.edu.ve\/index.php?rest_route=\/wp\/v2\/types\/page"}],"author":[{"embeddable":true,"href":"https:\/\/congreso.faces.uc.edu.ve\/index.php?rest_route=\/wp\/v2\/users\/2"}],"replies":[{"embeddable":true,"href":"https:\/\/congreso.faces.uc.edu.ve\/index.php?rest_route=%2Fwp%2Fv2%2Fcomments&post=711"}],"version-history":[{"count":10,"href":"https:\/\/congreso.faces.uc.edu.ve\/index.php?rest_route=\/wp\/v2\/pages\/711\/revisions"}],"predecessor-version":[{"id":748,"href":"https:\/\/congreso.faces.uc.edu.ve\/index.php?rest_route=\/wp\/v2\/pages\/711\/revisions\/748"}],"wp:attachment":[{"href":"https:\/\/congreso.faces.uc.edu.ve\/index.php?rest_route=%2Fwp%2Fv2%2Fmedia&parent=711"}],"curies":[{"name":"wp","href":"https:\/\/api.w.org\/{rel}","templated":true}]}}