{"id":35,"date":"2023-04-11T19:47:08","date_gmt":"2023-04-11T23:47:08","guid":{"rendered":"https:\/\/congreso.faces.uc.edu.ve\/?page_id=35"},"modified":"2025-05-16T10:19:19","modified_gmt":"2025-05-16T14:19:19","slug":"lineamientos","status":"publish","type":"page","link":"https:\/\/congreso.faces.uc.edu.ve\/?page_id=35","title":{"rendered":"INSTRUCCIONES"},"content":{"rendered":"<div id=\"pl-gb35-69fa97db6e45d\"  class=\"panel-layout\" ><div id=\"pg-gb35-69fa97db6e45d-0\"  class=\"panel-grid panel-has-style\" ><div class=\"siteorigin-panels-stretch panel-row-style panel-row-style-for-gb35-69fa97db6e45d-0\" style=\"padding-top: 5px; padding-bottom: 5px; \" data-stretch-type=\"full-width-stretch\" data-mobile-padding=\"50px\" data-overlay-color=\"#000000\" ><div id=\"pgc-gb35-69fa97db6e45d-0-0\"  class=\"panel-grid-cell\" ><div id=\"panel-gb35-69fa97db6e45d-0-0-0\" class=\"so-panel widget widget_athemes_image athemes_image_widget panel-first-child panel-last-child\" data-index=\"0\" ><div style=\"text-align: left;\" data-title-color=\"#2d3142\" data-headings-color=\"#2d3142\" class=\"panel-widget-style panel-widget-style-for-gb35-69fa97db6e45d-0-0-0\" >        <div class=\"image-widget\">\r\n\t\t\t\t\t\t\t<img decoding=\"async\" src=\"https:\/\/congreso.faces.uc.edu.ve\/wp-content\/uploads\/2025\/05\/banner.jpg\"\/>\r\n\t\t\t        <\/div>\r\n\t\t<\/div><\/div><\/div><\/div><\/div><div id=\"pg-gb35-69fa97db6e45d-1\"  class=\"panel-grid panel-has-style\" ><div style=\"padding-top: 10px; padding-bottom: 10px; \" data-mobile-padding=\"50px\" data-overlay-color=\"#000000\" class=\"panel-row-style panel-row-style-for-gb35-69fa97db6e45d-1\" ><div id=\"pgc-gb35-69fa97db6e45d-1-0\"  class=\"panel-grid-cell\" ><div id=\"panel-gb35-69fa97db6e45d-1-0-0\" class=\"so-panel widget widget_text panel-first-child panel-last-child\" data-index=\"1\" ><div style=\"text-align: center;\" data-title-color=\"#2d3142\" data-headings-color=\"#2d3142\" class=\"panel-widget-style panel-widget-style-for-gb35-69fa97db6e45d-1-0-0\" >\t\t\t<div class=\"textwidget\"><h4 style=\"text-align: center;\"><span style=\"color: #000080;\"><strong><a style=\"color: #000080;\" href=\"https:\/\/congreso.faces.uc.edu.ve\/?page_id=686\" target=\"_blank\" rel=\"noopener\">INSTRUCCIONES PARA LA ELABORACI\u00d3N<br \/>\nDE TRABAJOS <\/a><\/strong><\/span><\/h4>\n<\/div>\n\t\t<\/div><\/div><\/div><div id=\"pgc-gb35-69fa97db6e45d-1-1\"  class=\"panel-grid-cell\" ><div id=\"panel-gb35-69fa97db6e45d-1-1-0\" class=\"so-panel widget widget_text panel-first-child panel-last-child\" data-index=\"2\" ><div style=\"text-align: left;\" data-title-color=\"#2d3142\" data-headings-color=\"#2d3142\" class=\"panel-widget-style panel-widget-style-for-gb35-69fa97db6e45d-1-1-0\" >\t\t\t<div class=\"textwidget\"><h4 style=\"text-align: center;\"><a href=\"https:\/\/congreso.faces.uc.edu.ve\/?page_id=711\" target=\"_blank\" rel=\"noopener\"><span style=\"color: #000080;\"><strong>INSTRUCCIONES PARA LA ELABORACI\u00d3N<br \/>\nY PRESENTACI\u00d3N DE CARTELES<\/strong><\/span><\/a><\/h4>\n<\/div>\n\t\t<\/div><\/div><\/div><\/div><\/div><\/div>\n\n\n<p><\/p>\n","protected":false},"excerpt":{"rendered":"<p>INSTRUCCIONES PARA LA ELABORACI\u00d3N DE TRABAJOS INSTRUCCIONES PARA LA ELABORACI\u00d3N Y PRESENTACI\u00d3N DE CARTELES<\/p>\n","protected":false},"author":1,"featured_media":0,"parent":0,"menu_order":0,"comment_status":"closed","ping_status":"closed","template":"page-templates\/template_page-builder.php","meta":{"footnotes":""},"class_list":["post-35","page","type-page","status-publish","hentry","post-item clearfix"],"_links":{"self":[{"href":"https:\/\/congreso.faces.uc.edu.ve\/index.php?rest_route=\/wp\/v2\/pages\/35","targetHints":{"allow":["GET"]}}],"collection":[{"href":"https:\/\/congreso.faces.uc.edu.ve\/index.php?rest_route=\/wp\/v2\/pages"}],"about":[{"href":"https:\/\/congreso.faces.uc.edu.ve\/index.php?rest_route=\/wp\/v2\/types\/page"}],"author":[{"embeddable":true,"href":"https:\/\/congreso.faces.uc.edu.ve\/index.php?rest_route=\/wp\/v2\/users\/1"}],"replies":[{"embeddable":true,"href":"https:\/\/congreso.faces.uc.edu.ve\/index.php?rest_route=%2Fwp%2Fv2%2Fcomments&post=35"}],"version-history":[{"count":42,"href":"https:\/\/congreso.faces.uc.edu.ve\/index.php?rest_route=\/wp\/v2\/pages\/35\/revisions"}],"predecessor-version":[{"id":741,"href":"https:\/\/congreso.faces.uc.edu.ve\/index.php?rest_route=\/wp\/v2\/pages\/35\/revisions\/741"}],"wp:attachment":[{"href":"https:\/\/congreso.faces.uc.edu.ve\/index.php?rest_route=%2Fwp%2Fv2%2Fmedia&parent=35"}],"curies":[{"name":"wp","href":"https:\/\/api.w.org\/{rel}","templated":true}]}}