{"id":15,"date":"2023-04-11T19:10:39","date_gmt":"2023-04-11T23:10:39","guid":{"rendered":"https:\/\/congreso.faces.uc.edu.ve\/?page_id=15"},"modified":"2025-10-28T11:42:07","modified_gmt":"2025-10-28T15:42:07","slug":"home","status":"publish","type":"page","link":"https:\/\/congreso.faces.uc.edu.ve\/","title":{"rendered":"HOME"},"content":{"rendered":"<div id=\"pl-gb15-69fa8a7570511\"  class=\"panel-layout wp-block-siteorigin-panels-layout-block\" ><div id=\"pg-gb15-69fa8a7570511-0\"  class=\"panel-grid panel-has-style\" ><div style=\"padding-top: 3px; padding-bottom: 3px; \" data-mobile-padding=\"50px\" data-overlay-color=\"#000000\" class=\"panel-row-style panel-row-style-for-gb15-69fa8a7570511-0\" ><div id=\"pgc-gb15-69fa8a7570511-0-0\"  class=\"panel-grid-cell\" ><div id=\"panel-gb15-69fa8a7570511-0-0-0\" class=\"so-panel widget widget_text panel-first-child panel-last-child\" data-index=\"0\" ><div style=\"text-align: left;\" data-title-color=\"#2d3142\" data-headings-color=\"#2d3142\" class=\"panel-widget-style panel-widget-style-for-gb15-69fa8a7570511-0-0-0\" >\t\t\t<div class=\"textwidget\"><p style=\"text-align: center;\"><strong><span style=\"font-size: 24px; color: #800000;\">\u00a0<\/span><\/strong><strong><span style=\"font-size: 26px; color: #003fa1;\">VI Congreso Internacional de Investigaci\u00f3n en Ciencias<br \/>\nEcon\u00f3micas y Sociales.<br \/>\nInnovaci\u00f3n y transformaci\u00f3n digital en la era de la inteligencia artificial y escalar.<\/span><\/strong><\/p>\n<p>&nbsp;<\/p>\n<\/div>\n\t\t<\/div><\/div><\/div><\/div><\/div><div id=\"pg-gb15-69fa8a7570511-1\"  class=\"panel-grid panel-has-style\" ><div class=\"siteorigin-panels-stretch panel-row-style panel-row-style-for-gb15-69fa8a7570511-1\" style=\"padding-top: 50px; padding-bottom: 20px; \" data-stretch-type=\"full\" data-mobile-padding=\"50px\" data-overlay=\"true\" data-overlay-color=\"#eaeaea\" ><div id=\"pgc-gb15-69fa8a7570511-1-0\"  class=\"panel-grid-cell\" ><div id=\"panel-gb15-69fa8a7570511-1-0-0\" class=\"so-panel widget widget_media_image panel-first-child panel-last-child\" data-index=\"1\" ><div style=\"text-align: left;\" data-title-color=\"#2d3142\" data-headings-color=\"#2d3142\" class=\"panel-widget-style panel-widget-style-for-gb15-69fa8a7570511-1-0-0\" ><img loading=\"lazy\" decoding=\"async\" width=\"1244\" height=\"981\" src=\"https:\/\/congreso.faces.uc.edu.ve\/wp-content\/uploads\/2023\/04\/fotos-juntas.jpg\" class=\"image wp-image-22  attachment-full size-full\" alt=\"\" style=\"max-width: 100%; height: auto;\" srcset=\"https:\/\/congreso.faces.uc.edu.ve\/wp-content\/uploads\/2023\/04\/fotos-juntas.jpg 1244w, https:\/\/congreso.faces.uc.edu.ve\/wp-content\/uploads\/2023\/04\/fotos-juntas-300x237.jpg 300w, https:\/\/congreso.faces.uc.edu.ve\/wp-content\/uploads\/2023\/04\/fotos-juntas-1024x808.jpg 1024w, https:\/\/congreso.faces.uc.edu.ve\/wp-content\/uploads\/2023\/04\/fotos-juntas-768x606.jpg 768w, https:\/\/congreso.faces.uc.edu.ve\/wp-content\/uploads\/2023\/04\/fotos-juntas-200x158.jpg 200w, https:\/\/congreso.faces.uc.edu.ve\/wp-content\/uploads\/2023\/04\/fotos-juntas-690x544.jpg 690w\" sizes=\"auto, (max-width: 1244px) 100vw, 1244px\" \/><\/div><\/div><\/div><div id=\"pgc-gb15-69fa8a7570511-1-1\"  class=\"panel-grid-cell\" ><div id=\"panel-gb15-69fa8a7570511-1-1-0\" class=\"so-panel widget widget_text panel-first-child panel-last-child\" data-index=\"2\" ><div style=\"text-align: left;\" data-title-color=\"#2d3142\" data-headings-color=\"#2d3142\" class=\"panel-widget-style panel-widget-style-for-gb15-69fa8a7570511-1-1-0\" >\t\t\t<div class=\"textwidget\"><p style=\"text-align: justify;\">Somos la Facultad de Ciencias Econ\u00f3micas y Sociales de la Universidad de Carabobo en Venezuela. Con sedes en los estados Carabobo (Campus B\u00e1rbula) y Aragua (Campus La Morita). Comprometidos con el desarrollo de la naci\u00f3n. Avanzando hacia la Nueva Visi\u00f3n de Universidad.<\/p>\n<p style=\"text-align: justify;\">FaCES est\u00e1 llamada a ser la instituci\u00f3n educativa m\u00e1s competitiva en docencia, investigaci\u00f3n y extensi\u00f3n en el \u00e1mbito superior incluyendo 4to. y 5to. nivel educativo, en las \u00e1reas del conocimiento de las Ciencias Econ\u00f3micas y Sociales.<\/p>\n<p style=\"text-align: justify;\">Fomentar y desarrollar una comunidad acad\u00e9mica con capacidad de producir, almacenar y distribuir conocimientos en el \u00e1rea de las Ciencias Econ\u00f3micas y Sociales, con el fin de enriquecer el patrimonio acad\u00e9mico y profesional del pa\u00eds, el cual funciona como catalizador de procesos que permiten una sociedad m\u00e1s justa y equitativa<\/p>\n<\/div>\n\t\t<\/div><\/div><\/div><\/div><\/div><div id=\"pg-gb15-69fa8a7570511-2\"  class=\"panel-grid panel-has-style\" ><div style=\"padding-top: 100px; padding-bottom: 25px; \" data-mobile-padding=\"50px\" data-overlay-color=\"#000000\" class=\"panel-row-style panel-row-style-for-gb15-69fa8a7570511-2\" ><div id=\"pgc-gb15-69fa8a7570511-2-0\"  class=\"panel-grid-cell\" ><div id=\"panel-gb15-69fa8a7570511-2-0-0\" class=\"so-panel widget widget_text panel-first-child panel-last-child\" data-index=\"3\" ><div style=\"text-align: left;\" data-title-color=\"#2d3142\" data-headings-color=\"#2d3142\" class=\"panel-widget-style panel-widget-style-for-gb15-69fa8a7570511-2-0-0\" >\t\t\t<div class=\"textwidget\"><p style=\"text-align: center;\"><span style=\"color: #003fa1; font-size: 20px;\"><strong>CRONOGRAMA<\/strong><\/span><\/p>\n<p style=\"text-align: center;\"><strong>RECEPCI\u00d3N DE TRABAJOS<\/strong> Del 15\/05\/2025 al 15\/08\/2025<br \/>\n<strong>ARBITRAJE<\/strong> Hasta el 15\/09\/2025<br \/>\n<strong>CONGRESO<\/strong> Del 23\/10\/2025 al 25\/10\/2025<\/p>\n<p>&nbsp;<\/p>\n<p style=\"text-align: center;\"><span style=\"font-size: 20px; color: #003fa1;\"><strong>EJES TEM\u00c1TICOS:<\/strong><\/span><br \/>\n1. Gerencia, innovaci\u00f3n social y desarrollo<br \/>\n2. Mundo del trabajo, salud, vida, equidad e inclusi\u00f3n<br \/>\n3. Econom\u00eda, finanzas y actividad contable<br \/>\n4. TIC, inteligencia artificial y disrupci\u00f3n<br \/>\n5. Educaci\u00f3n, universidad, virtualidad, sistema mundo y desarrollo sostenible<br \/>\n6. Gesti\u00f3n p\u00fablica, ciudadan\u00eda y desarrollo<\/p>\n<\/div>\n\t\t<\/div><\/div><\/div><div id=\"pgc-gb15-69fa8a7570511-2-1\"  class=\"panel-grid-cell\" ><div id=\"panel-gb15-69fa8a7570511-2-1-0\" class=\"so-panel widget widget_athemes_image athemes_image_widget panel-first-child panel-last-child\" data-index=\"4\" ><div style=\"text-align: center;\" data-title-color=\"#2d3142\" data-headings-color=\"#2d3142\" class=\"panel-widget-style panel-widget-style-for-gb15-69fa8a7570511-2-1-0\" >        <div class=\"image-widget\">\r\n\t\t\t\t\t\t\t<img decoding=\"async\" src=\"https:\/\/congreso.faces.uc.edu.ve\/wp-content\/uploads\/2025\/05\/IV-Congreso.jpeg\"\/>\r\n\t\t\t        <\/div>\r\n\t\t<\/div><\/div><\/div><\/div><\/div><div id=\"pg-gb15-69fa8a7570511-3\"  class=\"panel-grid panel-has-style\" ><div style=\"padding-top: 5px; padding-bottom: 5px; \" data-mobile-padding=\"50px\" data-overlay-color=\"#000000\" class=\"panel-row-style panel-row-style-for-gb15-69fa8a7570511-3\" ><div id=\"pgc-gb15-69fa8a7570511-3-0\"  class=\"panel-grid-cell\" ><div id=\"panel-gb15-69fa8a7570511-3-0-0\" class=\"so-panel widget widget_text panel-first-child panel-last-child\" data-index=\"5\" ><div style=\"text-align: left;\" data-title-color=\"#2d3142\" data-headings-color=\"#2d3142\" class=\"panel-widget-style panel-widget-style-for-gb15-69fa8a7570511-3-0-0\" >\t\t\t<div class=\"textwidget\"><p style=\"text-align: center;\"><strong><span style=\"font-size: 24px; color: #003fa1;\">COMIT\u00c9 ORGANIZADOR DEL VI CONGRESO INTERNACIONAL<br \/>\n<\/span><\/strong><\/p>\n<p style=\"text-align: center;\"><span style=\"font-size: 24px;\"><strong>Dr. Benito Hamidian<\/strong><\/span><br \/>\n<span style=\"font-size: 24px;\"><strong>Presidente<\/strong><\/span><\/p>\n<\/div>\n\t\t<\/div><\/div><\/div><\/div><\/div><div id=\"pg-gb15-69fa8a7570511-4\"  class=\"panel-grid panel-has-style\" ><div style=\"padding-top: 1px; padding-bottom: 1px; \" data-mobile-padding=\"50px\" data-overlay-color=\"#000000\" class=\"panel-row-style panel-row-style-for-gb15-69fa8a7570511-4\" ><div id=\"pgc-gb15-69fa8a7570511-4-0\"  class=\"panel-grid-cell\" ><div id=\"panel-gb15-69fa8a7570511-4-0-0\" class=\"so-panel widget widget_text panel-first-child panel-last-child\" data-index=\"6\" ><div style=\"text-align: left;\" data-title-color=\"#2d3142\" data-headings-color=\"#2d3142\" class=\"panel-widget-style panel-widget-style-for-gb15-69fa8a7570511-4-0-0\" >\t\t\t<div class=\"textwidget\"><p style=\"text-align: center;\"><strong>Dra. Neyda Iba\u00f1ez<\/strong><br \/>\n<strong>\u00a0Dra. Ligia S\u00e1nchez<\/strong><br \/>\n<em>Coordinadores Generales<\/em><\/p>\n<p style=\"text-align: center;\"><strong>Dra. Dalia Correa<\/strong><br \/>\n<strong>Dr. Williams Aranguren<\/strong><br \/>\n<em>Coordinadores de la Comisi\u00f3n Acad\u00e9mica<\/em><\/p>\n<p style=\"text-align: center;\"><strong>Dra. Ligia S\u00e1nchez<br \/>\nDr. Williams Aranguren<br \/>\nDra. Neyda Iba\u00f1ez<br \/>\n<\/strong><em>Coordinadores de la Comisi\u00f3n de Arbitraje<\/em><\/p>\n<\/div>\n\t\t<\/div><\/div><\/div><div id=\"pgc-gb15-69fa8a7570511-4-1\"  class=\"panel-grid-cell\" ><div id=\"panel-gb15-69fa8a7570511-4-1-0\" class=\"so-panel widget widget_text panel-first-child panel-last-child\" data-index=\"7\" ><div style=\"text-align: left;\" data-title-color=\"#2d3142\" data-headings-color=\"#2d3142\" class=\"panel-widget-style panel-widget-style-for-gb15-69fa8a7570511-4-1-0\" >\t\t\t<div class=\"textwidget\"><p style=\"text-align: center;\"><strong>Dra. Maritza Espinoza<br \/>\nProf. Richard Velasco<br \/>\nProf. Anahir Rodr\u00edguez<br \/>\nProf. Gustavo Segnini<br \/>\nProf. Annelin D\u00edaz<\/strong><br \/>\n<em>Coordinadores de la Comisi\u00f3n de Log\u00edstica<\/em><\/p>\n<p style=\"text-align: center;\"><strong>Dr. Ero Del Canto<br \/>\nProf. Lusmir Bol\u00edvar<\/strong><br \/>\n<em>Coordinadores de la Comisi\u00f3n de Salas Virtuales<\/em><\/p>\n<p style=\"text-align: center;\"><strong>Prof. \u00c1ngel Perozo<br \/>\nLic. Johana Rojas<\/strong><br \/>\n<em>Coordinadores de la Comisi\u00f3n de Marketing y Redes<\/em><\/p>\n<\/div>\n\t\t<\/div><\/div><\/div><div id=\"pgc-gb15-69fa8a7570511-4-2\"  class=\"panel-grid-cell\" ><div id=\"panel-gb15-69fa8a7570511-4-2-0\" class=\"so-panel widget widget_text panel-first-child panel-last-child\" data-index=\"8\" ><div style=\"text-align: left;\" data-title-color=\"#2d3142\" data-headings-color=\"#2d3142\" class=\"panel-widget-style panel-widget-style-for-gb15-69fa8a7570511-4-2-0\" >\t\t\t<div class=\"textwidget\"><p style=\"text-align: center;\"><strong>Prof. Gladys Arocha<br \/>\nProf. Israel S\u00e1nchez<\/strong><br \/>\n<em>Coordinadores de la Comisi\u00f3n de Inform\u00e1tica<\/em><\/p>\n<p style=\"text-align: center;\"><strong>Lic. Daniela Quintero<br \/>\nProf. Douglas V\u00e1squez<\/strong><br \/>\n<em>Coordinadores de la Comisi\u00f3n de Finanzas<\/em><\/p>\n<p style=\"text-align: center;\"><strong>Dr. Rub\u00e9n Castillo<br \/>\nDr. Isaac P\u00e9rez Yunis<br \/>\nDra. Paola Lamenta<br \/>\nDr. Jos\u00e9 Ort\u00edz<\/strong><em><br \/>\nCoordinadores de la Comisi\u00f3n<br \/>\nde Relaciones Interinstitucionales<br \/>\n<\/em><\/p>\n<\/div>\n\t\t<\/div><\/div><\/div><div id=\"pgc-gb15-69fa8a7570511-4-3\"  class=\"panel-grid-cell\" ><div id=\"panel-gb15-69fa8a7570511-4-3-0\" class=\"so-panel widget widget_text panel-first-child panel-last-child\" data-index=\"9\" ><div style=\"text-align: left;\" data-title-color=\"#2d3142\" data-headings-color=\"#2d3142\" class=\"panel-widget-style panel-widget-style-for-gb15-69fa8a7570511-4-3-0\" >\t\t\t<div class=\"textwidget\"><p style=\"text-align: center;\"><strong>Dra. Neyda Iba\u00f1ez<br \/>\nDra. Maritza Espinoza<\/strong><br \/>\n<em>Coordinadores de la Comisi\u00f3n de<\/em><br \/>\n<em>Estructuras de Investigaci\u00f3n<\/em><\/p>\n<p style=\"text-align: center;\"><strong>Web Master Evy Leandro Rodr\u00edguez<br \/>\nLic. Thaimi S\u00e1nchez<\/strong><br \/>\n<em>Comisi\u00f3n de Dise\u00f1o<\/em><\/p>\n<\/div>\n\t\t<\/div><\/div><\/div><\/div><\/div><div id=\"pg-gb15-69fa8a7570511-5\"  class=\"panel-grid panel-has-style\" ><div class=\"siteorigin-panels-stretch panel-row-style panel-row-style-for-gb15-69fa8a7570511-5\" style=\"padding-top: 2px; padding-bottom: 2px; \" data-stretch-type=\"full-width-stretch\" data-mobile-padding=\"50px\" data-overlay-color=\"#000000\" ><div id=\"pgc-gb15-69fa8a7570511-5-0\"  class=\"panel-grid-cell\" ><div id=\"panel-gb15-69fa8a7570511-5-0-0\" class=\"so-panel widget widget_text panel-first-child panel-last-child\" data-index=\"10\" ><div style=\"text-align: center;\" data-title-color=\"#2d3142\" data-headings-color=\"#2d3142\" class=\"panel-widget-style panel-widget-style-for-gb15-69fa8a7570511-5-0-0\" >\t\t\t<div class=\"textwidget\"><p style=\"text-align: center;\"><strong><span style=\"font-size: 24px; color: #003fa1;\">AVAL ACAD\u00c9MICO<\/span><\/strong><\/p>\n<\/div>\n\t\t<\/div><\/div><\/div><\/div><\/div><div id=\"pg-gb15-69fa8a7570511-6\"  class=\"panel-grid panel-has-style\" ><div style=\"padding-top: 2px; padding-bottom: 2px; \" data-mobile-padding=\"50px\" data-overlay-color=\"#000000\" class=\"panel-row-style panel-row-style-for-gb15-69fa8a7570511-6\" ><div id=\"pgc-gb15-69fa8a7570511-6-0\"  class=\"panel-grid-cell\" ><div id=\"panel-gb15-69fa8a7570511-6-0-0\" class=\"so-panel widget widget_media_image panel-first-child panel-last-child\" data-index=\"11\" ><div style=\"text-align: center;\" data-title-color=\"#2d3142\" data-headings-color=\"#2d3142\" class=\"panel-widget-style panel-widget-style-for-gb15-69fa8a7570511-6-0-0\" ><img loading=\"lazy\" decoding=\"async\" width=\"2046\" height=\"400\" src=\"https:\/\/congreso.faces.uc.edu.ve\/wp-content\/uploads\/2025\/10\/logos.jpg\" class=\"image wp-image-878  attachment-full size-full\" alt=\"\" style=\"max-width: 100%; height: auto;\" srcset=\"https:\/\/congreso.faces.uc.edu.ve\/wp-content\/uploads\/2025\/10\/logos.jpg 2046w, https:\/\/congreso.faces.uc.edu.ve\/wp-content\/uploads\/2025\/10\/logos-300x59.jpg 300w, https:\/\/congreso.faces.uc.edu.ve\/wp-content\/uploads\/2025\/10\/logos-1024x200.jpg 1024w, https:\/\/congreso.faces.uc.edu.ve\/wp-content\/uploads\/2025\/10\/logos-768x150.jpg 768w, https:\/\/congreso.faces.uc.edu.ve\/wp-content\/uploads\/2025\/10\/logos-1536x300.jpg 1536w, https:\/\/congreso.faces.uc.edu.ve\/wp-content\/uploads\/2025\/10\/logos-200x39.jpg 200w, https:\/\/congreso.faces.uc.edu.ve\/wp-content\/uploads\/2025\/10\/logos-690x135.jpg 690w\" sizes=\"auto, (max-width: 2046px) 100vw, 2046px\" \/><\/div><\/div><\/div><\/div><\/div><div id=\"pg-gb15-69fa8a7570511-7\"  class=\"panel-grid panel-has-style\" ><div style=\"padding-top: 2px; padding-bottom: 2px; \" data-mobile-padding=\"50px\" data-overlay-color=\"#000000\" class=\"panel-row-style panel-row-style-for-gb15-69fa8a7570511-7\" ><div id=\"pgc-gb15-69fa8a7570511-7-0\"  class=\"panel-grid-cell\" ><div id=\"panel-gb15-69fa8a7570511-7-0-0\" class=\"so-panel widget widget_text panel-first-child\" data-index=\"12\" ><div style=\"text-align: center;\" data-title-color=\"#2d3142\" data-headings-color=\"#2d3142\" class=\"panel-widget-style panel-widget-style-for-gb15-69fa8a7570511-7-0-0\" >\t\t\t<div class=\"textwidget\"><p style=\"text-align: center;\"><strong><span style=\"font-size: 24px; color: #003fa1;\">PATROCINANTES Y COLABORADORES<\/span><\/strong><\/p>\n<\/div>\n\t\t<\/div><\/div><div id=\"panel-gb15-69fa8a7570511-7-0-1\" class=\"so-panel widget widget_media_image\" data-index=\"13\" ><div style=\"text-align: center;\" data-title-color=\"#2d3142\" data-headings-color=\"#2d3142\" class=\"panel-widget-style panel-widget-style-for-gb15-69fa8a7570511-7-0-1\" ><img loading=\"lazy\" decoding=\"async\" width=\"2560\" height=\"1726\" src=\"https:\/\/congreso.faces.uc.edu.ve\/wp-content\/uploads\/2025\/10\/Patrocinantes-scaled.jpg\" class=\"image wp-image-881  attachment-full size-full\" alt=\"\" style=\"max-width: 100%; height: auto;\" srcset=\"https:\/\/congreso.faces.uc.edu.ve\/wp-content\/uploads\/2025\/10\/Patrocinantes-scaled.jpg 2560w, https:\/\/congreso.faces.uc.edu.ve\/wp-content\/uploads\/2025\/10\/Patrocinantes-300x202.jpg 300w, https:\/\/congreso.faces.uc.edu.ve\/wp-content\/uploads\/2025\/10\/Patrocinantes-1024x690.jpg 1024w, https:\/\/congreso.faces.uc.edu.ve\/wp-content\/uploads\/2025\/10\/Patrocinantes-768x518.jpg 768w, https:\/\/congreso.faces.uc.edu.ve\/wp-content\/uploads\/2025\/10\/Patrocinantes-1536x1036.jpg 1536w, https:\/\/congreso.faces.uc.edu.ve\/wp-content\/uploads\/2025\/10\/Patrocinantes-2048x1381.jpg 2048w, https:\/\/congreso.faces.uc.edu.ve\/wp-content\/uploads\/2025\/10\/Patrocinantes-200x135.jpg 200w, https:\/\/congreso.faces.uc.edu.ve\/wp-content\/uploads\/2025\/10\/Patrocinantes-690x465.jpg 690w, https:\/\/congreso.faces.uc.edu.ve\/wp-content\/uploads\/2025\/10\/Patrocinantes-272x182.jpg 272w\" sizes=\"auto, (max-width: 2560px) 100vw, 2560px\" \/><\/div><\/div><div id=\"panel-gb15-69fa8a7570511-7-0-2\" class=\"so-panel widget widget_text panel-last-child\" data-index=\"14\" ><div style=\"text-align: center;\" data-title-color=\"#2d3142\" data-headings-color=\"#2d3142\" class=\"panel-widget-style panel-widget-style-for-gb15-69fa8a7570511-7-0-2\" >\t\t\t<div class=\"textwidget\"><p style=\"text-align: center;\"><strong><span style=\"font-size: 24px; color: #003fa1;\">CONTACTO<\/span><\/strong><a href=\"www.mail@uc.edu.ve\" target=\"_blank\" rel=\"noopener\"><img loading=\"lazy\" decoding=\"async\" class=\"wp-image-493 aligncenter\" src=\"https:\/\/congreso.faces.uc.edu.ve\/wp-content\/uploads\/2025\/05\/email-300x300.jpg\" alt=\"\" width=\"50\" height=\"50\" srcset=\"https:\/\/congreso.faces.uc.edu.ve\/wp-content\/uploads\/2025\/05\/email-300x300.jpg 300w, https:\/\/congreso.faces.uc.edu.ve\/wp-content\/uploads\/2025\/05\/email-150x150.jpg 150w, https:\/\/congreso.faces.uc.edu.ve\/wp-content\/uploads\/2025\/05\/email-200x200.jpg 200w, https:\/\/congreso.faces.uc.edu.ve\/wp-content\/uploads\/2025\/05\/email-280x280.jpg 280w, https:\/\/congreso.faces.uc.edu.ve\/wp-content\/uploads\/2025\/05\/email.jpg 360w\" sizes=\"auto, (max-width: 50px) 100vw, 50px\" \/><\/a><a href=\"https:\/\/instagram.com\/congresofacesuc\" target=\"_blank\" rel=\"noopener\"><img loading=\"lazy\" decoding=\"async\" class=\"wp-image-494 aligncenter\" src=\"https:\/\/congreso.faces.uc.edu.ve\/wp-content\/uploads\/2025\/05\/instagram-150x150.png\" alt=\"\" width=\"50\" height=\"37\" srcset=\"https:\/\/congreso.faces.uc.edu.ve\/wp-content\/uploads\/2025\/05\/instagram-200x150.png 200w, https:\/\/congreso.faces.uc.edu.ve\/wp-content\/uploads\/2025\/05\/instagram.png 259w\" sizes=\"auto, (max-width: 50px) 100vw, 50px\" \/><\/a><\/p>\n<\/div>\n\t\t<\/div><\/div><\/div><\/div><\/div><\/div>","protected":false},"excerpt":{"rendered":"<p>\u00a0VI Congreso Internacional de Investigaci\u00f3n en Ciencias Econ\u00f3micas y Sociales. Innovaci\u00f3n y transformaci\u00f3n digital en la era de la inteligencia&nbsp;[&hellip;]<\/p>\n","protected":false},"author":1,"featured_media":0,"parent":0,"menu_order":0,"comment_status":"closed","ping_status":"closed","template":"page-templates\/template_page-builder.php","meta":{"footnotes":""},"class_list":["post-15","page","type-page","status-publish","hentry","post-item clearfix"],"_links":{"self":[{"href":"https:\/\/congreso.faces.uc.edu.ve\/index.php?rest_route=\/wp\/v2\/pages\/15","targetHints":{"allow":["GET"]}}],"collection":[{"href":"https:\/\/congreso.faces.uc.edu.ve\/index.php?rest_route=\/wp\/v2\/pages"}],"about":[{"href":"https:\/\/congreso.faces.uc.edu.ve\/index.php?rest_route=\/wp\/v2\/types\/page"}],"author":[{"embeddable":true,"href":"https:\/\/congreso.faces.uc.edu.ve\/index.php?rest_route=\/wp\/v2\/users\/1"}],"replies":[{"embeddable":true,"href":"https:\/\/congreso.faces.uc.edu.ve\/index.php?rest_route=%2Fwp%2Fv2%2Fcomments&post=15"}],"version-history":[{"count":121,"href":"https:\/\/congreso.faces.uc.edu.ve\/index.php?rest_route=\/wp\/v2\/pages\/15\/revisions"}],"predecessor-version":[{"id":863,"href":"https:\/\/congreso.faces.uc.edu.ve\/index.php?rest_route=\/wp\/v2\/pages\/15\/revisions\/863"}],"wp:attachment":[{"href":"https:\/\/congreso.faces.uc.edu.ve\/index.php?rest_route=%2Fwp%2Fv2%2Fmedia&parent=15"}],"curies":[{"name":"wp","href":"https:\/\/api.w.org\/{rel}","templated":true}]}}